{"id":69,"date":"2023-10-15T13:16:21","date_gmt":"2023-10-15T11:16:21","guid":{"rendered":"http:\/\/the-sweet-potato-company.com\/?page_id=69"},"modified":"2025-11-28T10:06:58","modified_gmt":"2025-11-28T09:06:58","slug":"zertifikate","status":"publish","type":"page","link":"https:\/\/the-sweet-potato-company.com\/en\/zertifikate\/","title":{"rendered":"Certificate"},"content":{"rendered":"<p><img decoding=\"async\" src=\"\/wp-content\/uploads\/2023\/11\/Gruppe-242.svg\" alt=\"\"><\/p>\n<h1>We are a certified company<\/h1>\n<h1>Certificate<\/h1>\n<hr>\n<p><img decoding=\"async\" src=\"\/wp-content\/uploads\/2023\/10\/Gruppe-134.svg\" alt=\"\"><\/p>\n<h1>WE MEET THE HIGHEST STANDARDS IN QUALITY, SUSTAINABILITY AND SOCIAL RESPONSIBILITY<\/h1>\n<div>\n<p>The importance of being a certified organisation in today's competitive and global business environment cannot be overstated.<br \/>Certifications serve as tangible proof of an organisation's commitment to quality, safety, sustainability and compliance. We are certified!<\/p>\n<\/div>\n<p><img decoding=\"async\" src=\"\/wp-content\/uploads\/2023\/12\/IFS_Broker_Farbe.svg\" alt=\"\"><br \/>\n<img decoding=\"async\" src=\"\/wp-content\/uploads\/2023\/11\/Gruppe-361.svg\" alt=\"\"><\/p>\n<ul>\n<li>\n        <a href=\"\/wp-content\/uploads\/2025\/11\/TSPC-IFS-Broker-4063651101928-04-02-2026.pdf\">DOWNLOAD<\/a>\n    <\/li>\n<li>\n        <a href=\"\/wp-content\/uploads\/2025\/11\/TSPC-IFS-Broker-4063651101928-04-02-2026.pdf\"><\/a>\n    <\/li>\n<li>\n        <a href=\"\/wp-content\/uploads\/2025\/06\/TSPC-CoC-4063651101928-19-07-2026.pdf\"><\/a>\n    <\/li>\n<\/ul>\n<ul>\n<li>\n        <a href=\"\/wp-content\/uploads\/2025\/06\/TSPC-CoC-4063651101928-19-07-2026.pdf\">DOWNLOAD<\/a>\n    <\/li>\n<li>\n        <a href=\"\/wp-content\/uploads\/2025\/06\/TSPC-CoC-4063651101928-19-07-2026.pdf\"><\/a>\n    <\/li>\n<li>\n        <a href=\"\/wp-content\/uploads\/2025\/06\/TSPC-CoC-4063651101928-19-07-2026.pdf\"><\/a>\n    <\/li>\n<\/ul>\n<p><img decoding=\"async\" src=\"\/wp-content\/uploads\/2023\/12\/IFS_Broker_Farbe.svg\" alt=\"\"><\/p>\n<p>\n    <a href=\"\/wp-content\/uploads\/2023\/11\/TSPC-IFS-Broker-04-02-2024.pdf\">DOWNLOAD<\/a>\n<\/p>\n<p><img decoding=\"async\" src=\"\/wp-content\/uploads\/2023\/11\/Gruppe-361.svg\" alt=\"\"><\/p>\n<p>\n    <a href=\"\/wp-content\/uploads\/2023\/11\/TSPC-CoC-4063651101928-19-07-2024.pdf\">DOWNLOAD<\/a>\n<\/p>\n<p><img decoding=\"async\" src=\"\/wp-content\/uploads\/2023\/10\/Gruppe-134.svg\" alt=\"\"><br \/>\n<img decoding=\"async\" src=\"\/wp-content\/uploads\/2023\/10\/Gruppe-146.svg\" alt=\"\"><br \/>\n<img decoding=\"async\" src=\"\/wp-content\/uploads\/2023\/10\/Gruppe-147.svg\" alt=\"\"><\/p>\n<p><!--more--><br \/>\n<!-- {\"type\":\"layout\",\"children\":[{\"type\":\"section\",\"props\":{\"style\":\"default\",\"width\":\"default\",\"vertical_align\":\"middle\",\"title_position\":\"top-left\",\"title_rotation\":\"left\",\"title_breakpoint\":\"xl\",\"image_position\":\"center-center\",\"image_size\":\"cover\",\"overlap\":false,\"image\":\"wp-content\\\/uploads\\\/2023\\\/11\\\/TSPC_Thumbnail_02.png\",\"animation\":\"slide-top-medium\",\"css\":\"@media only screen and (max-width: 960px){ \\n    .el-section > div{\\n    \\tpadding-top: 100px;\\n    }\\n}\"},\"children\":[{\"type\":\"row\",\"children\":[{\"type\":\"column\",\"props\":{\"position_sticky_breakpoint\":\"m\",\"image_position\":\"center-center\",\"media_overlay_gradient\":\"\"},\"children\":[{\"type\":\"image\",\"props\":{\"margin\":\"\",\"image_svg_color\":\"\",\"image\":\"wp-content\\\/uploads\\\/2023\\\/11\\\/Gruppe-242.svg\",\"text_align\":\"center\",\"image_width\":\"82px\",\"margin_remove_bottom\":true,\"image_svg_inline\":false}},{\"type\":\"headline\",\"props\":{\"title_element\":\"h1\",\"text_align\":\"center\",\"content\":\"Wir SIND EIN ZERTIFI&shy;ZIERTES UNTER&shy;NEHMEN\",\"css\":\".el-element{\\n    font: normal normal normal 71px\\\/64px Brandon Printed;\\n    letter-spacing: -0.71px;\\n    color: #F6E9D9;\\n}\\n@media only screen and (max-width: 960px){ \\n    .el-element{\\n    \\tfont: normal normal normal 40px\\\/40px Brandon Printed;\\n}\\n}\",\"margin_remove_top\":false,\"margin\":\"small\"}}]}]}],\"name\":\"Top\"},{\"type\":\"section\",\"props\":{\"style\":\"default\",\"width\":\"default\",\"vertical_align\":\"middle\",\"title_position\":\"top-left\",\"title_rotation\":\"left\",\"title_breakpoint\":\"xl\",\"image_position\":\"center-center\",\"css\":\".el-section{\\n    position:relative;\\n\\tz-index:4;\\n}\\n\"},\"children\":[{\"type\":\"row\",\"children\":[{\"type\":\"column\",\"props\":{\"position_sticky_breakpoint\":\"m\",\"image_position\":\"center-center\",\"media_overlay_gradient\":\"\",\"css\":\".el-column{\\n\\tposition:relative;\\n    z-index:0;\\n}\"},\"children\":[{\"type\":\"headline\",\"props\":{\"title_element\":\"h1\",\"content\":\"Zertifikate\",\"text_align\":\"center\",\"css\":\".el-element{\\n    display: inline-block;\\n    background: #F8F3ED;\\n\\tfont: normal normal normal 21px\\\/29px Brandon Printed;\\n    left: 50%;\\n    transform: translatex(-50%);\\n    top: 56px;\\n    padding: 0 30px;\\n}\",\"position\":\"relative\"}},{\"type\":\"divider\",\"props\":{\"divider_element\":\"hr\",\"divider_style\":\"\",\"css\":\".el-element{\\n    border: 3px solid #222222;\\n}\",\"margin_remove_bottom\":true}},{\"type\":\"image\",\"props\":{\"margin\":\"default\",\"image_svg_color\":\"emphasis\",\"image\":\"wp-content\\\/uploads\\\/2023\\\/10\\\/Gruppe-134.svg\",\"position\":\"absolute\",\"position_left\":\"-600\",\"position_top\":\"-140\",\"text_align\":\"left\",\"animation\":\"none\"}}]}]},{\"type\":\"row\",\"props\":{\"layout\":\"1-2,1-2\",\"column_gap\":\"collapse\",\"margin\":\"large\"},\"children\":[{\"type\":\"column\",\"props\":{\"position_sticky_breakpoint\":\"m\",\"image_position\":\"center-center\",\"media_overlay_gradient\":\"\",\"width_medium\":\"1-2\",\"css\":\".el-column{\\n\\tposition:relative;\\n    z-index:1;\\n}\"},\"children\":[{\"type\":\"headline\",\"props\":{\"title_element\":\"h1\",\"content\":\"WIR ERF\\u00dcLLEN H\\u00d6CHSTE STANDARTS IN QUALIT\\u00c4T, NACH&shy;HALTIGKEIT UND SOZIALER VERANT&shy;WORTUNG\",\"css\":\".el-element{\\n    font: normal normal normal 38px\\\/50px Brandon Printed;\\n    letter-spacing: -1.8px!important;\\n}\\n@media only screen and (max-width: 960px){ \\n    .el-element{\\n    font: normal normal normal 40px\\\/40px Brandon Printed;\\n\\n}\\n}\"}}]},{\"type\":\"column\",\"props\":{\"position_sticky_breakpoint\":\"m\",\"image_position\":\"center-center\",\"media_overlay_gradient\":\"\",\"width_medium\":\"1-2\",\"css\":\".el-column{\\n\\tposition:relative;\\n    z-index:1;\\n}\"},\"children\":[{\"type\":\"text\",\"props\":{\"margin\":\"default\",\"column_breakpoint\":\"m\",\"content\":\"\n\n<p>Die Bedeutung eines zertifizierten Unternehmens im heutigen wettbewerbsintensiven und globalen Gesch\\u00e4ftsumfeld kann nicht oft genug betont werden.<br \\\/>Zertifizierungen dienen als konkreter Beweis f\\u00fcr das Engagement einer Organisation f\\u00fcr Qualit\\u00e4t, Sicherheit, Nachhaltigkeit und Compliance. We are certified!<\\\/p>\",\"css\":\".el-element{\\n    font: normal normal normal 18px\\\/33px Roboto;\\n    letter-spacing: 0px;\\n    color: #222222;\\n    padding-left: 30px;\\n}\\n@media only screen and (max-width: 960px){ \\n    .el-element{\\n    \\tpadding-left: 0px;\\n        line-height: unset;\\n\\t}\\n}\"}}]}]},{\"type\":\"row\",\"props\":{\"layout\":\"1-2,1-2\",\"margin\":\"xlarge\",\"margin_remove_bottom\":true,\"class\":\"uk-visible@m\"},\"children\":[{\"type\":\"column\",\"props\":{\"position_sticky_breakpoint\":\"m\",\"image_position\":\"center-center\",\"media_overlay_gradient\":\"\",\"width_medium\":\"1-2\",\"css\":\".el-column{\\n\\tposition:relative;\\n    z-index:1;\\n}\"},\"children\":[{\"type\":\"image\",\"props\":{\"margin\":\"default\",\"image_svg_color\":\"emphasis\",\"image\":\"wp-content\\\/uploads\\\/2023\\\/12\\\/IFS_Broker_Farbe.svg\",\"text_align\":\"center\",\"image_width\":\"250px\"}}]},{\"type\":\"column\",\"props\":{\"position_sticky_breakpoint\":\"m\",\"image_position\":\"center-center\",\"media_overlay_gradient\":\"\",\"width_medium\":\"1-2\",\"vertical_align\":\"middle\",\"css\":\".el-column{\\n\\tposition:relative;\\n    z-index:1;\\n}\"},\"children\":[{\"type\":\"image\",\"props\":{\"margin\":\"default\",\"image_svg_color\":\"emphasis\",\"image\":\"wp-content\\\/uploads\\\/2023\\\/11\\\/Gruppe-361.svg\",\"text_align\":\"center\"}}]}]},{\"type\":\"row\",\"props\":{\"layout\":\"1-2,1-2\",\"margin\":\"large\",\"class\":\"uk-visible@m\"},\"children\":[{\"type\":\"column\",\"props\":{\"position_sticky_breakpoint\":\"m\",\"image_position\":\"center-center\",\"media_overlay_gradient\":\"\",\"width_medium\":\"1-2\",\"css\":\".el-column{\\n\\tposition:relative;\\n    z-index:1;\\n}\"},\"children\":[{\"type\":\"button\",\"props\":{\"grid_column_gap\":\"small\",\"grid_row_gap\":\"small\",\"margin\":\"default\",\"css\":\".el-content{\\n    font: normal normal normal 15px\\\/27px Brandon Printed;\\n    letter-spacing: 0px;\\n    border-bottom: 3px solid #222222;\\n    display:block;\\n    text-decoration: none;\\n}\\n\\n.el-content:hover{\\n    border-bottom: 3px solid #D0534D;\\n    color:#D0534D;\\n}\"},\"children\":[{\"type\":\"button_item\",\"props\":{\"button_style\":\"\",\"icon_align\":\"left\",\"content\":\"DOWNLOAD\",\"link\":\"wp-content\\\/uploads\\\/2025\\\/11\\\/TSPC-IFS-Broker-4063651101928-04-02-2026.pdf\",\"link_target\":\"blank\",\"link_title\":\"TSPC IFS Broker 4063651101928 04 02 2026\"}},{\"type\":\"button_item\",\"props\":{\"link_title\":\"TSPC IFS Broker 4063651101928 04 02 2026\",\"link\":\"wp-content\\\/uploads\\\/2025\\\/11\\\/TSPC-IFS-Broker-4063651101928-04-02-2026.pdf\",\"button_style\":\"default\",\"icon_align\":\"left\"}},{\"type\":\"button_item\",\"props\":{\"link_title\":\"TSPC CoC 4063651101928 19 07 2026\",\"link\":\"wp-content\\\/uploads\\\/2025\\\/06\\\/TSPC-CoC-4063651101928-19-07-2026.pdf\",\"button_style\":\"default\",\"icon_align\":\"left\"}}]}]},{\"type\":\"column\",\"props\":{\"position_sticky_breakpoint\":\"m\",\"image_position\":\"center-center\",\"media_overlay_gradient\":\"\",\"width_medium\":\"1-2\",\"vertical_align\":\"middle\",\"css\":\".el-column{\\n\\tposition:relative;\\n    z-index:1;\\n}\"},\"children\":[{\"type\":\"button\",\"props\":{\"grid_column_gap\":\"small\",\"grid_row_gap\":\"small\",\"margin\":\"default\",\"css\":\".el-content{\\n    font: normal normal normal 15px\\\/27px Brandon Printed;\\n    letter-spacing: 0px;\\n    border-bottom: 3px solid #222222;\\n    display:block;\\n    text-decoration: none;\\n}\\n\\n.el-content:hover{\\n    border-bottom: 3px solid #D0534D;\\n    color:#D0534D;\\n}\"},\"children\":[{\"type\":\"button_item\",\"props\":{\"button_style\":\"\",\"icon_align\":\"left\",\"content\":\"DOWNLOAD\",\"link\":\"wp-content\\\/uploads\\\/2025\\\/06\\\/TSPC-CoC-4063651101928-19-07-2026.pdf\",\"link_target\":\"blank\"}},{\"type\":\"button_item\",\"props\":{\"link_title\":\"TSPC CoC 4063651101928 19 07 2026\",\"link\":\"wp-content\\\/uploads\\\/2025\\\/06\\\/TSPC-CoC-4063651101928-19-07-2026.pdf\",\"button_style\":\"default\",\"icon_align\":\"left\"}},{\"type\":\"button_item\",\"props\":{\"link_title\":\"TSPC CoC 4063651101928 19 07 2026\",\"link\":\"wp-content\\\/uploads\\\/2025\\\/06\\\/TSPC-CoC-4063651101928-19-07-2026.pdf\",\"button_style\":\"default\",\"icon_align\":\"left\"}}]}]}]},{\"type\":\"row\",\"props\":{\"layout\":\"1-2,1-2\",\"margin\":\"large\",\"class\":\"uk-visible@m\"},\"children\":[{\"type\":\"column\",\"props\":{\"position_sticky_breakpoint\":\"m\",\"image_position\":\"center-center\",\"media_overlay_gradient\":\"\",\"width_medium\":\"1-2\",\"css\":\".el-column{\\n\\tposition:relative;\\n    z-index:1;\\n}\"},\"children\":[]},{\"type\":\"column\",\"props\":{\"position_sticky_breakpoint\":\"m\",\"image_position\":\"center-center\",\"media_overlay_gradient\":\"\",\"width_medium\":\"1-2\",\"vertical_align\":\"middle\",\"css\":\".el-column{\\n\\tposition:relative;\\n    z-index:1;\\n}\"},\"children\":[]}]},{\"type\":\"row\",\"props\":{\"layout\":\"1-2,1-2\",\"margin\":\"xlarge\",\"margin_remove_bottom\":true,\"class\":\"uk-hidden@m\"},\"children\":[{\"type\":\"column\",\"props\":{\"position_sticky_breakpoint\":\"m\",\"image_position\":\"center-center\",\"media_overlay_gradient\":\"\",\"width_medium\":\"1-2\"},\"children\":[{\"type\":\"image\",\"props\":{\"margin\":\"default\",\"image_svg_color\":\"emphasis\",\"image\":\"wp-content\\\/uploads\\\/2023\\\/12\\\/IFS_Broker_Farbe.svg\",\"text_align\":\"center\",\"image_width\":\"250px\",\"css\":\".el-column{\\n\\tposition:relative;\\n    z-index:1;\\n}\"}}]},{\"type\":\"column\",\"props\":{\"position_sticky_breakpoint\":\"m\",\"image_position\":\"center-center\",\"media_overlay_gradient\":\"\",\"width_medium\":\"1-2\",\"vertical_align\":\"middle\",\"css\":\".el-column{\\n\\tposition:relative;\\n    z-index:1;\\n}\"},\"children\":[{\"type\":\"button\",\"props\":{\"grid_column_gap\":\"small\",\"grid_row_gap\":\"small\",\"margin\":\"default\",\"css\":\".el-content{\\n    font: normal normal normal 15px\\\/27px Brandon Printed;\\n    letter-spacing: 0px;\\n    border-bottom: 3px solid #222222;\\n    display:block;\\n    text-decoration: none;\\n}\\n\\n.el-content:hover{\\n    border-bottom: 3px solid #D0534D;\\n    color:#D0534D;\\n}\"},\"children\":[{\"type\":\"button_item\",\"props\":{\"button_style\":\"\",\"icon_align\":\"left\",\"content\":\"DOWNLOAD\",\"link\":\"wp-content\\\/uploads\\\/2023\\\/11\\\/TSPC-IFS-Broker-04-02-2024.pdf\",\"link_target\":\"blank\"}}]}]}]},{\"type\":\"row\",\"props\":{\"layout\":\"1-2,1-2\",\"margin\":\"xlarge\",\"class\":\"uk-hidden@m\",\"margin_remove_bottom\":true},\"children\":[{\"type\":\"column\",\"props\":{\"position_sticky_breakpoint\":\"m\",\"image_position\":\"center-center\",\"media_overlay_gradient\":\"\",\"width_medium\":\"1-2\",\"css\":\".el-column{\\n\\tposition:relative;\\n    z-index:1;\\n}\"},\"children\":[{\"type\":\"image\",\"props\":{\"margin\":\"default\",\"image_svg_color\":\"emphasis\",\"image\":\"wp-content\\\/uploads\\\/2023\\\/11\\\/Gruppe-361.svg\",\"text_align\":\"center\"}}]},{\"type\":\"column\",\"props\":{\"position_sticky_breakpoint\":\"m\",\"image_position\":\"center-center\",\"media_overlay_gradient\":\"\",\"width_medium\":\"1-2\",\"vertical_align\":\"middle\",\"css\":\".el-column{\\n\\tposition:relative;\\n    z-index:1;\\n}\"},\"children\":[{\"type\":\"button\",\"props\":{\"grid_column_gap\":\"small\",\"grid_row_gap\":\"small\",\"margin\":\"default\",\"css\":\".el-content{\\n    font: normal normal normal 15px\\\/27px Brandon Printed;\\n    letter-spacing: 0px;\\n    border-bottom: 3px solid #222222;\\n    display:block;\\n    text-decoration: none;\\n}\\n\\n.el-content:hover{\\n    border-bottom: 3px solid #D0534D;\\n    color:#D0534D;\\n}\"},\"children\":[{\"type\":\"button_item\",\"props\":{\"button_style\":\"\",\"icon_align\":\"left\",\"content\":\"DOWNLOAD\",\"link\":\"wp-content\\\/uploads\\\/2023\\\/11\\\/TSPC-CoC-4063651101928-19-07-2024.pdf\",\"link_target\":\"blank\"}}]}]}]},{\"type\":\"row\",\"props\":{\"margin\":\"remove-vertical\"},\"children\":[{\"type\":\"column\",\"props\":{\"position_sticky_breakpoint\":\"m\",\"image_position\":\"center-center\",\"media_overlay_gradient\":\"\",\"css\":\".el-column{\\n\\tposition:relative;\\n    z-index:0;\\n}\"},\"children\":[{\"type\":\"image\",\"props\":{\"margin\":\"default\",\"image_svg_color\":\"emphasis\",\"image\":\"wp-content\\\/uploads\\\/2023\\\/10\\\/Gruppe-134.svg\",\"position\":\"absolute\",\"position_right\":\"-500\",\"position_top\":\"-100\",\"text_align\":\"right\",\"animation\":\"none\",\"css\":\"@media only screen and (max-width: 960px){ \\n.el-element{\\n    padding-top: 0;\\n}\\n}\"}}]}]}],\"name\":\"HeadlineWithLine\"},{\"type\":\"section\",\"props\":{\"style\":\"default\",\"width\":\"default\",\"vertical_align\":\"middle\",\"title_position\":\"top-left\",\"title_rotation\":\"left\",\"title_breakpoint\":\"xl\",\"image_position\":\"center-center\",\"css\":\".el-section{\\n    position:relative;\\n\\tz-index:3;\\n}\"},\"children\":[{\"type\":\"row\",\"children\":[{\"type\":\"column\",\"props\":{\"position_sticky_breakpoint\":\"m\",\"image_position\":\"center-center\",\"media_overlay_gradient\":\"\"},\"children\":[{\"type\":\"image\",\"props\":{\"margin\":\"default\",\"image_svg_color\":\"emphasis\",\"image\":\"wp-content\\\/uploads\\\/2023\\\/10\\\/Gruppe-146.svg\",\"position\":\"absolute\",\"position_left\":\"0\",\"position_top\":\"-340\",\"text_align\":\"left\",\"animation\":\"none\"}},{\"type\":\"image\",\"props\":{\"margin\":\"default\",\"image_svg_color\":\"emphasis\",\"image\":\"wp-content\\\/uploads\\\/2023\\\/10\\\/Gruppe-147.svg\",\"position\":\"absolute\",\"position_right\":\"-500\",\"position_top\":\"-180\",\"text_align\":\"right\",\"animation\":\"none\"}}]}]}]}],\"version\":\"2.7.22\"} --><\/p>","protected":false},"excerpt":{"rendered":"<p>Wir SIND EIN ZERTIFI&shy;ZIERTES UNTER&shy;NEHMEN Zertifikate WIR ERF\u00dcLLEN H\u00d6CHSTE STANDARTS IN QUALIT\u00c4T, NACH&shy;HALTIGKEIT UND SOZIALER VERANT&shy;WORTUNG Die Bedeutung eines zertifizierten Unternehmens im heutigen wettbewerbsintensiven und globalen Gesch\u00e4ftsumfeld kann nicht oft genug betont werden.Zertifizierungen dienen als konkreter Beweis f\u00fcr das Engagement einer Organisation f\u00fcr Qualit\u00e4t, Sicherheit, Nachhaltigkeit und Compliance. We are certified! DOWNLOAD DOWNLOAD DOWNLOAD DOWNLOAD<\/p>","protected":false},"author":1,"featured_media":0,"parent":0,"menu_order":0,"comment_status":"closed","ping_status":"closed","template":"","meta":{"footnotes":""},"class_list":["post-69","page","type-page","status-publish","hentry"],"yoast_head":"<!-- This site is optimized with the Yoast SEO plugin v22.9 - https:\/\/yoast.com\/wordpress\/plugins\/seo\/ -->\n<title>Zertifikate - The Sweet Potato Company<\/title>\n<meta name=\"robots\" content=\"index, follow, max-snippet:-1, max-image-preview:large, max-video-preview:-1\" \/>\n<link rel=\"canonical\" href=\"https:\/\/the-sweet-potato-company.com\/en\/zertifikate\/\" \/>\n<meta property=\"og:locale\" content=\"en_GB\" \/>\n<meta property=\"og:type\" content=\"article\" \/>\n<meta property=\"og:title\" content=\"Zertifikate - The Sweet Potato Company\" \/>\n<meta property=\"og:description\" content=\"Wir SIND EIN ZERTIFI&shy;ZIERTES UNTER&shy;NEHMEN Zertifikate WIR ERF\u00dcLLEN H\u00d6CHSTE STANDARTS IN QUALIT\u00c4T, NACH&shy;HALTIGKEIT UND SOZIALER VERANT&shy;WORTUNG Die Bedeutung eines zertifizierten Unternehmens im heutigen wettbewerbsintensiven und globalen Gesch\u00e4ftsumfeld kann nicht oft genug betont werden.Zertifizierungen dienen als konkreter Beweis f\u00fcr das Engagement einer Organisation f\u00fcr Qualit\u00e4t, Sicherheit, Nachhaltigkeit und Compliance. We are certified! DOWNLOAD DOWNLOAD DOWNLOAD DOWNLOAD\" \/>\n<meta property=\"og:url\" content=\"https:\/\/the-sweet-potato-company.com\/en\/zertifikate\/\" \/>\n<meta property=\"og:site_name\" content=\"The Sweet Potato Company\" \/>\n<meta property=\"article:modified_time\" content=\"2025-11-28T09:06:58+00:00\" \/>\n<meta name=\"twitter:card\" content=\"summary_large_image\" \/>\n<meta name=\"twitter:label1\" content=\"Estimated reading time\" \/>\n\t<meta name=\"twitter:data1\" content=\"3 minutes\" \/>\n<script type=\"application\/ld+json\" class=\"yoast-schema-graph\">{\"@context\":\"https:\/\/schema.org\",\"@graph\":[{\"@type\":\"WebPage\",\"@id\":\"https:\/\/the-sweet-potato-company.com\/zertifikate\/\",\"url\":\"https:\/\/the-sweet-potato-company.com\/zertifikate\/\",\"name\":\"Zertifikate - The Sweet Potato Company\",\"isPartOf\":{\"@id\":\"https:\/\/the-sweet-potato-company.com\/#website\"},\"datePublished\":\"2023-10-15T11:16:21+00:00\",\"dateModified\":\"2025-11-28T09:06:58+00:00\",\"breadcrumb\":{\"@id\":\"https:\/\/the-sweet-potato-company.com\/zertifikate\/#breadcrumb\"},\"inLanguage\":\"en-GB\",\"potentialAction\":[{\"@type\":\"ReadAction\",\"target\":[\"https:\/\/the-sweet-potato-company.com\/zertifikate\/\"]}]},{\"@type\":\"BreadcrumbList\",\"@id\":\"https:\/\/the-sweet-potato-company.com\/zertifikate\/#breadcrumb\",\"itemListElement\":[{\"@type\":\"ListItem\",\"position\":1,\"name\":\"Startseite\",\"item\":\"https:\/\/the-sweet-potato-company.com\/\"},{\"@type\":\"ListItem\",\"position\":2,\"name\":\"Zertifikate\"}]},{\"@type\":\"WebSite\",\"@id\":\"https:\/\/the-sweet-potato-company.com\/#website\",\"url\":\"https:\/\/the-sweet-potato-company.com\/\",\"name\":\"The Sweet Potato Company\",\"description\":\"we love sweet potatos\",\"publisher\":{\"@id\":\"https:\/\/the-sweet-potato-company.com\/#organization\"},\"potentialAction\":[{\"@type\":\"SearchAction\",\"target\":{\"@type\":\"EntryPoint\",\"urlTemplate\":\"https:\/\/the-sweet-potato-company.com\/?s={search_term_string}\"},\"query-input\":\"required name=search_term_string\"}],\"inLanguage\":\"en-GB\"},{\"@type\":\"Organization\",\"@id\":\"https:\/\/the-sweet-potato-company.com\/#organization\",\"name\":\"The Sweet Potato Company\",\"url\":\"https:\/\/the-sweet-potato-company.com\/\",\"logo\":{\"@type\":\"ImageObject\",\"inLanguage\":\"en-GB\",\"@id\":\"https:\/\/the-sweet-potato-company.com\/#\/schema\/logo\/image\/\",\"url\":\"http:\/\/the-sweet-potato-company.com\/wp-content\/uploads\/2023\/10\/Gruppe-12.svg\",\"contentUrl\":\"http:\/\/the-sweet-potato-company.com\/wp-content\/uploads\/2023\/10\/Gruppe-12.svg\",\"width\":1,\"height\":1,\"caption\":\"The Sweet Potato Company\"},\"image\":{\"@id\":\"https:\/\/the-sweet-potato-company.com\/#\/schema\/logo\/image\/\"}}]}<\/script>\n<!-- \/ Yoast SEO plugin. -->","yoast_head_json":{"title":"Zertifikate - The Sweet Potato Company","robots":{"index":"index","follow":"follow","max-snippet":"max-snippet:-1","max-image-preview":"max-image-preview:large","max-video-preview":"max-video-preview:-1"},"canonical":"https:\/\/the-sweet-potato-company.com\/en\/zertifikate\/","og_locale":"en_GB","og_type":"article","og_title":"Zertifikate - The Sweet Potato Company","og_description":"Wir SIND EIN ZERTIFI&shy;ZIERTES UNTER&shy;NEHMEN Zertifikate WIR ERF\u00dcLLEN H\u00d6CHSTE STANDARTS IN QUALIT\u00c4T, NACH&shy;HALTIGKEIT UND SOZIALER VERANT&shy;WORTUNG Die Bedeutung eines zertifizierten Unternehmens im heutigen wettbewerbsintensiven und globalen Gesch\u00e4ftsumfeld kann nicht oft genug betont werden.Zertifizierungen dienen als konkreter Beweis f\u00fcr das Engagement einer Organisation f\u00fcr Qualit\u00e4t, Sicherheit, Nachhaltigkeit und Compliance. We are certified! DOWNLOAD DOWNLOAD DOWNLOAD DOWNLOAD","og_url":"https:\/\/the-sweet-potato-company.com\/en\/zertifikate\/","og_site_name":"The Sweet Potato Company","article_modified_time":"2025-11-28T09:06:58+00:00","twitter_card":"summary_large_image","twitter_misc":{"Estimated reading time":"3 minutes"},"schema":{"@context":"https:\/\/schema.org","@graph":[{"@type":"WebPage","@id":"https:\/\/the-sweet-potato-company.com\/zertifikate\/","url":"https:\/\/the-sweet-potato-company.com\/zertifikate\/","name":"Zertifikate - The Sweet Potato Company","isPartOf":{"@id":"https:\/\/the-sweet-potato-company.com\/#website"},"datePublished":"2023-10-15T11:16:21+00:00","dateModified":"2025-11-28T09:06:58+00:00","breadcrumb":{"@id":"https:\/\/the-sweet-potato-company.com\/zertifikate\/#breadcrumb"},"inLanguage":"en-GB","potentialAction":[{"@type":"ReadAction","target":["https:\/\/the-sweet-potato-company.com\/zertifikate\/"]}]},{"@type":"BreadcrumbList","@id":"https:\/\/the-sweet-potato-company.com\/zertifikate\/#breadcrumb","itemListElement":[{"@type":"ListItem","position":1,"name":"Startseite","item":"https:\/\/the-sweet-potato-company.com\/"},{"@type":"ListItem","position":2,"name":"Zertifikate"}]},{"@type":"WebSite","@id":"https:\/\/the-sweet-potato-company.com\/#website","url":"https:\/\/the-sweet-potato-company.com\/","name":"The Sweet Potato Company","description":"we love sweet potatos","publisher":{"@id":"https:\/\/the-sweet-potato-company.com\/#organization"},"potentialAction":[{"@type":"SearchAction","target":{"@type":"EntryPoint","urlTemplate":"https:\/\/the-sweet-potato-company.com\/?s={search_term_string}"},"query-input":"required name=search_term_string"}],"inLanguage":"en-GB"},{"@type":"Organization","@id":"https:\/\/the-sweet-potato-company.com\/#organization","name":"The Sweet Potato Company","url":"https:\/\/the-sweet-potato-company.com\/","logo":{"@type":"ImageObject","inLanguage":"en-GB","@id":"https:\/\/the-sweet-potato-company.com\/#\/schema\/logo\/image\/","url":"http:\/\/the-sweet-potato-company.com\/wp-content\/uploads\/2023\/10\/Gruppe-12.svg","contentUrl":"http:\/\/the-sweet-potato-company.com\/wp-content\/uploads\/2023\/10\/Gruppe-12.svg","width":1,"height":1,"caption":"The Sweet Potato Company"},"image":{"@id":"https:\/\/the-sweet-potato-company.com\/#\/schema\/logo\/image\/"}}]}},"_links":{"self":[{"href":"https:\/\/the-sweet-potato-company.com\/en\/wp-json\/wp\/v2\/pages\/69","targetHints":{"allow":["GET"]}}],"collection":[{"href":"https:\/\/the-sweet-potato-company.com\/en\/wp-json\/wp\/v2\/pages"}],"about":[{"href":"https:\/\/the-sweet-potato-company.com\/en\/wp-json\/wp\/v2\/types\/page"}],"author":[{"embeddable":true,"href":"https:\/\/the-sweet-potato-company.com\/en\/wp-json\/wp\/v2\/users\/1"}],"replies":[{"embeddable":true,"href":"https:\/\/the-sweet-potato-company.com\/en\/wp-json\/wp\/v2\/comments?post=69"}],"version-history":[{"count":81,"href":"https:\/\/the-sweet-potato-company.com\/en\/wp-json\/wp\/v2\/pages\/69\/revisions"}],"predecessor-version":[{"id":1549,"href":"https:\/\/the-sweet-potato-company.com\/en\/wp-json\/wp\/v2\/pages\/69\/revisions\/1549"}],"wp:attachment":[{"href":"https:\/\/the-sweet-potato-company.com\/en\/wp-json\/wp\/v2\/media?parent=69"}],"curies":[{"name":"wp","href":"https:\/\/api.w.org\/{rel}","templated":true}]}}